{"id":107,"date":"2015-01-24T13:42:38","date_gmt":"2015-01-24T12:42:38","guid":{"rendered":"http:\/\/turnen.mediadelivery.de\/?page_id=107"},"modified":"2017-10-09T06:56:02","modified_gmt":"2017-10-09T05:56:02","slug":"turner-eltern","status":"publish","type":"page","link":"https:\/\/www.ta-wor.de\/?page_id=107","title":{"rendered":"Turner\/ Eltern"},"content":{"rendered":"<ul>\n<li><a href=\"http:\/\/ta-wor.de\/wp-content\/uploads\/2015\/01\/Warnung-vor-Risiko-bei-Reckb\u00e4ndern-mit-Rollen.pdf\">Warnung vor Risiko bei Reckb\u00e4ndern mit Rollen<\/a><\/li>\n<li><a href=\"http:\/\/ta-wor.de\/wp-content\/uploads\/2015\/01\/Hinweis-Aufsichtspflicht-vor-bzw.-nach-der-Turnstunde.pdf\">Hinweis Aufsichtspflicht vor bzw. nach der Turnstunde<\/a><\/li>\n<li><a href=\"http:\/\/ta-wor.de\/wp-content\/uploads\/2017\/10\/Einverst\u00e4ndniserkl\u00e4rung-zur-Ver\u00f6ffentlichung-von-Fotos-und-pers\u00f6nlichen-Daten.pdf\">Einverst\u00e4ndniserkl\u00e4rung zur Ver\u00f6ffentlichung von Fotos und pers\u00f6nlichen Daten<\/a><\/li>\n<li><a href=\"http:\/\/ta-wor.de\/wp-content\/uploads\/2017\/10\/Einverst\u00e4ndniserkl\u00e4rung-zur-Nutzung-des-Vereinsheims.pdf\">Einverst\u00e4ndniserkl\u00e4rung zur Nutzung des Vereinsheims<\/a><\/li>\n<\/ul>\n","protected":false},"excerpt":{"rendered":"<p>Warnung vor Risiko bei Reckb\u00e4ndern mit Rollen Hinweis Aufsichtspflicht vor bzw. nach der Turnstunde Einverst\u00e4ndniserkl\u00e4rung zur Ver\u00f6ffentlichung von Fotos und pers\u00f6nlichen Daten Einverst\u00e4ndniserkl\u00e4rung zur Nutzung des Vereinsheims<\/p>\n","protected":false},"author":1,"featured_media":0,"parent":98,"menu_order":0,"comment_status":"closed","ping_status":"closed","template":"","meta":{"_mc_calendar":[]},"_links":{"self":[{"href":"https:\/\/www.ta-wor.de\/index.php?rest_route=\/wp\/v2\/pages\/107"}],"collection":[{"href":"https:\/\/www.ta-wor.de\/index.php?rest_route=\/wp\/v2\/pages"}],"about":[{"href":"https:\/\/www.ta-wor.de\/index.php?rest_route=\/wp\/v2\/types\/page"}],"author":[{"embeddable":true,"href":"https:\/\/www.ta-wor.de\/index.php?rest_route=\/wp\/v2\/users\/1"}],"replies":[{"embeddable":true,"href":"https:\/\/www.ta-wor.de\/index.php?rest_route=%2Fwp%2Fv2%2Fcomments&post=107"}],"version-history":[{"count":4,"href":"https:\/\/www.ta-wor.de\/index.php?rest_route=\/wp\/v2\/pages\/107\/revisions"}],"predecessor-version":[{"id":566,"href":"https:\/\/www.ta-wor.de\/index.php?rest_route=\/wp\/v2\/pages\/107\/revisions\/566"}],"up":[{"embeddable":true,"href":"https:\/\/www.ta-wor.de\/index.php?rest_route=\/wp\/v2\/pages\/98"}],"wp:attachment":[{"href":"https:\/\/www.ta-wor.de\/index.php?rest_route=%2Fwp%2Fv2%2Fmedia&parent=107"}],"curies":[{"name":"wp","href":"https:\/\/api.w.org\/{rel}","templated":true}]}}