{"id":1194,"date":"2023-05-24T16:26:26","date_gmt":"2023-05-24T15:26:26","guid":{"rendered":"https:\/\/www.ta-wor.de\/?page_id=1194"},"modified":"2023-05-25T20:17:36","modified_gmt":"2023-05-25T19:17:36","slug":"shop","status":"publish","type":"page","link":"https:\/\/www.ta-wor.de\/?page_id=1194","title":{"rendered":"Shop"},"content":{"rendered":"<p>Liebe Turnerinnen und Turner,<\/p>\n<p>die Firma H\u00fcsken Textilveredelung hat uns, die Turnabteilung des TSV Wolfratshausen, mit einem Online-Shop ausgestattet .<br \/>\n\u00dcber den nachfolgenden Link dazu k\u00f6nnt Ihr auf den Shop zugreifen.<\/p>\n<p><a href=\"https:\/\/www.merch4teams.de\/teamwear-shop\/TSVTurnen\" target=\"_blank\" rel=\"noopener\">Shop TSV Wolfratshausen Turnen<\/a><\/p>\n<p>Wenn Ihr Euch registriert, dann bekommt ihr auch Infos wenn mal ein neues Produkt hinzugef\u00fcgt wird.<br \/>\nViel Spass beim St\u00f6bern und Einkaufen.<\/p>\n","protected":false},"excerpt":{"rendered":"<p>Liebe Turnerinnen und Turner, die Firma H\u00fcsken Textilveredelung hat uns, die Turnabteilung des TSV Wolfratshausen, mit einem Online-Shop ausgestattet . \u00dcber den nachfolgenden Link dazu k\u00f6nnt Ihr auf den Shop zugreifen. Shop TSV Wolfratshausen Turnen Wenn Ihr Euch registriert, dann bekommt ihr auch Infos wenn mal ein neues Produkt hinzugef\u00fcgt &#8230;<\/p>\n","protected":false},"author":1,"featured_media":0,"parent":0,"menu_order":0,"comment_status":"closed","ping_status":"closed","template":"","meta":{"_mc_calendar":[]},"_links":{"self":[{"href":"https:\/\/www.ta-wor.de\/index.php?rest_route=\/wp\/v2\/pages\/1194"}],"collection":[{"href":"https:\/\/www.ta-wor.de\/index.php?rest_route=\/wp\/v2\/pages"}],"about":[{"href":"https:\/\/www.ta-wor.de\/index.php?rest_route=\/wp\/v2\/types\/page"}],"author":[{"embeddable":true,"href":"https:\/\/www.ta-wor.de\/index.php?rest_route=\/wp\/v2\/users\/1"}],"replies":[{"embeddable":true,"href":"https:\/\/www.ta-wor.de\/index.php?rest_route=%2Fwp%2Fv2%2Fcomments&post=1194"}],"version-history":[{"count":4,"href":"https:\/\/www.ta-wor.de\/index.php?rest_route=\/wp\/v2\/pages\/1194\/revisions"}],"predecessor-version":[{"id":1207,"href":"https:\/\/www.ta-wor.de\/index.php?rest_route=\/wp\/v2\/pages\/1194\/revisions\/1207"}],"wp:attachment":[{"href":"https:\/\/www.ta-wor.de\/index.php?rest_route=%2Fwp%2Fv2%2Fmedia&parent=1194"}],"curies":[{"name":"wp","href":"https:\/\/api.w.org\/{rel}","templated":true}]}}