{"id":25,"date":"2015-01-22T20:32:41","date_gmt":"2015-01-22T19:32:41","guid":{"rendered":"http:\/\/turnen.mediadelivery.de\/?page_id=25"},"modified":"2015-07-23T11:00:31","modified_gmt":"2015-07-23T10:00:31","slug":"anfart","status":"publish","type":"page","link":"https:\/\/www.ta-wor.de\/?page_id=25","title":{"rendered":"Anfahrt"},"content":{"rendered":"<h3>Hier finden Sie unsere Sportst\u00e4tten:<\/h3>\n<p><b>Dreifachhalle an der Volksschule:<\/b><br \/>\nHammerschmiedweg<br \/>\n82515 Wolfratshausen<\/p>\n<p><img decoding=\"async\" loading=\"lazy\" id=\"tincInclude4469\" src=\"http:\/\/ta-wor.de\/tinc?key=pSAqboE2&amp;zoom=1\" alt=\"\" width=\"400\" height=\"300\" \/><br \/>\n<b>Realschulhalle:<\/b><br \/>\nFranz-K\u00f6lbl-Weg 2<br \/>\n82515 Wolfratshausen<\/p>\n<p><img decoding=\"async\" loading=\"lazy\" id=\"tincInclude317\" src=\"http:\/\/ta-wor.de\/tinc?key=v8sdausN&amp;zoom=1\" alt=\"\" width=\"400\" height=\"300\" \/><br \/>\n<b>Isar-Loisach-Stadion:<\/b><br \/>\nKr\u00e4uterstra\u00dfe<br \/>\n82515 Wolfratshausen<\/p>\n<p><img decoding=\"async\" loading=\"lazy\" id=\"tincInclude3791\" src=\"http:\/\/ta-wor.de\/tinc?key=QepNPHga&amp;zoom=1\" alt=\"\" width=\"400\" height=\"300\" \/><\/p>\n","protected":false},"excerpt":{"rendered":"<p>Hier finden Sie unsere Sportst\u00e4tten: Dreifachhalle an der Volksschule: Hammerschmiedweg 82515 Wolfratshausen Realschulhalle: Franz-K\u00f6lbl-Weg 2 82515 Wolfratshausen Isar-Loisach-Stadion: Kr\u00e4uterstra\u00dfe 82515 Wolfratshausen<\/p>\n","protected":false},"author":1,"featured_media":0,"parent":23,"menu_order":0,"comment_status":"closed","ping_status":"closed","template":"","meta":{"_mc_calendar":[]},"_links":{"self":[{"href":"https:\/\/www.ta-wor.de\/index.php?rest_route=\/wp\/v2\/pages\/25"}],"collection":[{"href":"https:\/\/www.ta-wor.de\/index.php?rest_route=\/wp\/v2\/pages"}],"about":[{"href":"https:\/\/www.ta-wor.de\/index.php?rest_route=\/wp\/v2\/types\/page"}],"author":[{"embeddable":true,"href":"https:\/\/www.ta-wor.de\/index.php?rest_route=\/wp\/v2\/users\/1"}],"replies":[{"embeddable":true,"href":"https:\/\/www.ta-wor.de\/index.php?rest_route=%2Fwp%2Fv2%2Fcomments&post=25"}],"version-history":[{"count":2,"href":"https:\/\/www.ta-wor.de\/index.php?rest_route=\/wp\/v2\/pages\/25\/revisions"}],"predecessor-version":[{"id":320,"href":"https:\/\/www.ta-wor.de\/index.php?rest_route=\/wp\/v2\/pages\/25\/revisions\/320"}],"up":[{"embeddable":true,"href":"https:\/\/www.ta-wor.de\/index.php?rest_route=\/wp\/v2\/pages\/23"}],"wp:attachment":[{"href":"https:\/\/www.ta-wor.de\/index.php?rest_route=%2Fwp%2Fv2%2Fmedia&parent=25"}],"curies":[{"name":"wp","href":"https:\/\/api.w.org\/{rel}","templated":true}]}}