{"id":6,"date":"2015-01-22T20:26:47","date_gmt":"2015-01-22T19:26:47","guid":{"rendered":"http:\/\/turnen.mediadelivery.de\/?page_id=6"},"modified":"2015-02-07T14:33:52","modified_gmt":"2015-02-07T13:33:52","slug":"impressum","status":"publish","type":"page","link":"https:\/\/www.ta-wor.de\/?page_id=6","title":{"rendered":"Impressum"},"content":{"rendered":"<h3>Verantwortung<\/h3>\n<p>Turnabteilung des TSV Wolfratshausen<br \/>\n1. Vorsitzender der Turnabteilung: Walter Halamek<br \/>\nEmail: <a href=\"mailto:vorstand@ta-wor.de\">vorstand@ta-wor.de<\/a><\/p>\n<h3>Technische Verantwortung<\/h3>\n<p>Robert Bruckm\u00fcller<br \/>\n<a title=\"Kontakt Admin\" href=\"?page_id=153\">Kontakt<\/a><br \/>\npowered by WordPress<\/p>\n<p>Haftungsausschlu\u00df<\/p>\n<p>Inhalte:<\/p>\n<p>Die Inhalte dieser Website wurden mit gr\u00f6\u00dfter Sorgfalt erstellt. F\u00fcr die Richtigkeit, Vollst\u00e4ndigkeit und Aktualit\u00e4t der Inhalte kann der Anbieter jedoch keine Gew\u00e4hr \u00fcbernehmen.Als Diensteanbieter ist der Anbieter gem\u00e4\u00df \u00a7\u00a7 7 ff TMG nur f\u00fcr eigene Inhalte auf diesen Seiten nach den allgemeinen Gesetzen verantwortlich. Diensteanbieter sind jedoch nicht verpflichtet, die von ihnen \u00fcbermittelten oder gespeicherten fremden Informationen zu \u00fcberwachen oder nach Umst\u00e4nden zu forschen, die auf eine rechtswidrige T\u00e4tigkeit hinweisen. Verpflichtungen zur Entfernung oder Sperrung der Nutzung von Informationen nach den allgemeinen Gesetzen bleiben hiervon unber\u00fchrt. Eine diesbez\u00fcgliche Haftung ist jedoch erst ab dem Zeitpunkt der Kenntnis einer konkreten Rechtsverletzung m\u00f6glich. Bei bekannt werden von entsprechenden Rechtsverletzungen werden solche Inhalte umgehend entfernen.<\/p>\n<p>Links:<\/p>\n<p>Diese Webseite enth\u00e4lt Links zu externen Webseiten Dritter, auf deren Inhalte der Anbieter keinen Einfluss hat. Der Anbieter \u00fcbernimmt keine Haftung f\u00fcr die Richtigkeit, Vollst\u00e4ndigkeit und Aktualit\u00e4t der bereit gestellten Informationen. Die Inhalte externer Links unterliegen der Haftung der jeweiligen Anbieter. Durch diese Links macht sich der Anbieter auch nicht deren Inhalte und Meinungen zu eigen. F\u00fcr den Inhalt der verlinkten Seiten sind ausschlie\u00dflich deren Betreiber verantwortlich.<br \/>\nAbmahnung:<\/p>\n<p>Soweit einzelne Inhalte oder Links dieser Seiten fremde Rechte oder gesetzliche Bestimmungen verletzen, ist dies dem Dienstanbieter unter <a href=\"mailto:info@ta-wor.de\">info@ta-wor.de<\/a> ohne Kostennote mitzuteilen. Der Dienstanbieter versichert, dass er die zu Recht beanstandeten Inhalte auch ohne die Hinzuziehung eines Rechtsbeistandes des Anzeigenden unverz\u00fcglich entfernen wird. Dennoch eingehende Abmahnungen inkl. Kostennote, werden ohne vorherige Kontaktaufnahme zur\u00fcckgewiesen und ggf. mit einer Gegenklage wegen der Verletzung vorgenannter Bestimmungen angegriffen.<\/p>\n","protected":false},"excerpt":{"rendered":"<p>Verantwortung Turnabteilung des TSV Wolfratshausen 1. Vorsitzender der Turnabteilung: Walter Halamek Email: vorstand@ta-wor.de Technische Verantwortung Robert Bruckm\u00fcller Kontakt powered by WordPress Haftungsausschlu\u00df Inhalte: Die Inhalte dieser Website wurden mit gr\u00f6\u00dfter Sorgfalt erstellt. F\u00fcr die Richtigkeit, Vollst\u00e4ndigkeit und Aktualit\u00e4t der Inhalte kann der Anbieter jedoch keine Gew\u00e4hr \u00fcbernehmen.Als Diensteanbieter ist der &#8230;<\/p>\n","protected":false},"author":1,"featured_media":0,"parent":0,"menu_order":0,"comment_status":"closed","ping_status":"closed","template":"","meta":{"_mc_calendar":[]},"_links":{"self":[{"href":"https:\/\/www.ta-wor.de\/index.php?rest_route=\/wp\/v2\/pages\/6"}],"collection":[{"href":"https:\/\/www.ta-wor.de\/index.php?rest_route=\/wp\/v2\/pages"}],"about":[{"href":"https:\/\/www.ta-wor.de\/index.php?rest_route=\/wp\/v2\/types\/page"}],"author":[{"embeddable":true,"href":"https:\/\/www.ta-wor.de\/index.php?rest_route=\/wp\/v2\/users\/1"}],"replies":[{"embeddable":true,"href":"https:\/\/www.ta-wor.de\/index.php?rest_route=%2Fwp%2Fv2%2Fcomments&post=6"}],"version-history":[{"count":6,"href":"https:\/\/www.ta-wor.de\/index.php?rest_route=\/wp\/v2\/pages\/6\/revisions"}],"predecessor-version":[{"id":274,"href":"https:\/\/www.ta-wor.de\/index.php?rest_route=\/wp\/v2\/pages\/6\/revisions\/274"}],"wp:attachment":[{"href":"https:\/\/www.ta-wor.de\/index.php?rest_route=%2Fwp%2Fv2%2Fmedia&parent=6"}],"curies":[{"name":"wp","href":"https:\/\/api.w.org\/{rel}","templated":true}]}}