{"id":681,"date":"2019-01-21T11:14:27","date_gmt":"2019-01-21T10:14:27","guid":{"rendered":"https:\/\/www.ta-wor.de\/?page_id=681"},"modified":"2026-03-31T07:00:42","modified_gmt":"2026-03-31T06:00:42","slug":"start-sprungtisch","status":"publish","type":"page","link":"https:\/\/www.ta-wor.de\/","title":{"rendered":"Information vom 31. M\u00e4rz 2026"},"content":{"rendered":"<h2>Einladung zur Jahreshauptversammlung der Turnabteilung des TSV Wolfratshausen<\/h2>\n<p>Die Jahreshauptversammlung der Turnabteilung des TSV Wolfratshausen findet statt am:<\/p>\n<p><strong>Termin:<\/strong>\u00a0 \u00a0 \u00a0 \u00a0 \u00a0 \u00a0 \u00a0 <strong>Donnerstag 23. April 2026<br \/>\n<\/strong><strong>Beginn:<\/strong>\u00a0 \u00a0 \u00a0 \u00a0 \u00a0 \u00a0 \u00a0 \u00a0<strong>19:30 Uhr<br \/>\n<\/strong><strong>Ort:<\/strong> \u00a0\u00a0\u00a0\u00a0\u00a0\u00a0\u00a0\u00a0\u00a0\u00a0\u00a0\u00a0\u00a0\u00a0\u00a0\u00a0\u00a0\u00a0\u00a0\u00a0 <strong>Rudi Fauser St\u00fcberl, <\/strong>Vereinsheim der Turnabteilung,<br \/>\nWolfratshausen, Bahnhofstr. 12<\/p>\n<p>Zu dieser Versammlung sind alle Mitglieder, \u00dcbungsleiter, Eltern unserer Turnerinnen und Turner, die Vertreter der Stadt, die Presse sowie alle Freunde der Turnabteilung recht herzlich eingeladen.<\/p>\n<p><strong>Tagesordnung:<\/strong><\/p>\n<ol>\n<li>Begr\u00fc\u00dfung, Bericht Abteilungsleiter\u00a0 \u00a0 \u00a0 \u00a0 \u00a0 \u00a0 \u00a0 \u00a0 \u00a0 \u00a0 \u00a0 \u00a0 \u00a0 \u00a0 \u00a0 \u00a0 \u00a0 \u00a0 Walter Halamek<br \/>\nEhrungen<\/li>\n<li>Kassenbericht\u00a0 \u00a0 \u00a0 \u00a0 \u00a0 \u00a0 \u00a0 \u00a0 \u00a0 \u00a0 \u00a0 \u00a0 \u00a0 \u00a0 \u00a0 \u00a0 \u00a0 \u00a0 \u00a0 \u00a0 \u00a0 \u00a0 \u00a0 \u00a0 \u00a0 \u00a0 \u00a0 \u00a0 \u00a0 \u00a0 \u00a0 \u00a0 \u00a0 \u00a0 \u00a0 \u00a0 \u00a0 Florian Knab<br \/>\nKassenpr\u00fcfbericht, Entlastung des Kassenwartes\u00a0 \u00a0 \u00a0 \u00a0 \u00a0 \u00a0 \u00a0Kassenpr\u00fcfer<\/li>\n<li>Bericht der Fachbereiche\u00a0 \u00a0 \u00a0 \u00a0 \u00a0 \u00a0 \u00a0 \u00a0 \u00a0 \u00a0 \u00a0 \u00a0 \u00a0 \u00a0 \u00a0 \u00a0 \u00a0 \u00a0 \u00a0 \u00a0 \u00a0 \u00a0 \u00a0 \u00a0 \u00a0 \u00a0 \u00a0 \u00a0Fachbereichsverantwortliche<\/li>\n<li>W\u00fcnsche und Antr\u00e4ge\u00a0 \u00a0 \u00a0 \u00a0 \u00a0 \u00a0 \u00a0 \u00a0 \u00a0 \u00a0 \u00a0 \u00a0 \u00a0 \u00a0 \u00a0 \u00a0 \u00a0 \u00a0 \u00a0 \u00a0 \u00a0 \u00a0 \u00a0 \u00a0 \u00a0 \u00a0 \u00a0 \u00a0 \u00a0 \u00a0 Versammlung<\/li>\n<li>Abschluss<\/li>\n<\/ol>\n<p>Seitens der Abteilungsleitung w\u00fcrden wir uns \u00fcber eine zahlreiche Beteiligung sehr freuen.<\/p>\n<p>Walter Halamek, Leiter Turnabteilung<\/p>\n<h2><\/h2>\n<h2>EINTAUCHEN-IN-DIE-ZIRKUSWELT<\/h2>\n<h3>In unserer Zirkuswelt mit Solomon Solgit &#8211; unser Kooperationsprojekt mit dem Kinder- und Jugendf\u00f6rderverein Wolfratshausen &#8211; haben wir noch Pl\u00e4tze frei!!<\/h3>\n<a href=\"https:\/\/www.ta-wor.de\/wp-content\/uploads\/2025\/10\/EINTAUCHEN-IN-DIE-ZIRKUSWELT.pdf\" class=\"pdfemb-viewer\" style=\"\" data-width=\"max\" data-height=\"max\"  data-toolbar=\"bottom\" data-toolbar-fixed=\"off\">EINTAUCHEN-IN-DIE-ZIRKUSWELT<br\/><\/a>\n<p>&nbsp;<\/p>\n<p>&nbsp;<\/p>\n<h2>Abteilungsleitung neu gew\u00e4hlt<\/h2>\n<p>In der Jahreshauptversammlung der Turnabteilung am 15. Mai 2025 wurden die Mitglieder der Abteilungsleitung neu gew\u00e4hlt:<br \/>\n<span data-contrast=\"auto\">Abteilungsleiter: <\/span> <span data-contrast=\"auto\">Walter Halamek<br \/>\n<\/span><span data-contrast=\"auto\">Stellv. Abteilungsleiter (Organisation):<\/span> <span data-contrast=\"auto\">Tobias Loder<\/span><br \/>\n<span data-contrast=\"auto\">Stellv. Abteilungsleiter (Sportbetrieb):<\/span> <span data-contrast=\"auto\">Sylvain Rid<\/span><br \/>\n<span data-contrast=\"auto\">Turnbetrieb m\u00e4nnlich:<\/span> <span data-contrast=\"auto\">Sylvain Rid i.PU<\/span><span data-ccp-props=\"{&quot;201341983&quot;:0,&quot;335559740&quot;:240}\"><br \/>\n<\/span><span data-contrast=\"auto\">Turnbetrieb weiblich:<\/span> <span data-contrast=\"auto\">Andrea Winkler<\/span><br \/>\n<span data-contrast=\"auto\">Veranstaltungen:<\/span> <span data-contrast=\"auto\">Beate Kaiser<\/span><br \/>\n<span data-contrast=\"auto\">Fitness- und Gesundheitssport:<\/span> <span data-contrast=\"auto\">Stephanie Rid<\/span><br \/>\n<span data-contrast=\"auto\">Jugendwart:<\/span> <span data-contrast=\"auto\">Florian Funcke<\/span><br \/>\n<span data-contrast=\"auto\">Kassier: <\/span> <span data-contrast=\"auto\">Florian Knab<\/span><br \/>\n<span data-contrast=\"auto\">Beisitzer im Hauptausschuss des <\/span><span data-contrast=\"auto\">TSV Wolfratshausen:<\/span> <span data-contrast=\"auto\">Tobias Loder, Sylvain Rid, Beate Kaiser, Florian Funcke, <\/span><span data-contrast=\"auto\">Florian Knab, Andrea Winkler<\/span><span data-ccp-props=\"{&quot;201341983&quot;:0,&quot;335559740&quot;:240}\">\u00a0<\/span><\/p>\n<h2><\/h2>\n<h2>Trainer\/innen und Helfer\/innen gesucht<\/h2>\n<h3><strong><em>Du hast Freude, mit Kindern etwas voran zu bringen? Du interessierst Dich f\u00fcr den Turnsport oder f\u00fcr <\/em><\/strong><strong><em>Fitness und Gesundheitssport?<\/em><\/strong><\/h3>\n<h3><strong><em><a href=\"https:\/\/www.ta-wor.de\/wp-content\/uploads\/2024\/09\/2022_TSV_ABT_NM_0165.jpg\"><img decoding=\"async\" loading=\"lazy\" class=\"aligncenter size-medium wp-image-1272\" src=\"https:\/\/www.ta-wor.de\/wp-content\/uploads\/2024\/09\/2022_TSV_ABT_NM_0165-300x200.jpg\" alt=\"\" width=\"300\" height=\"200\" srcset=\"https:\/\/www.ta-wor.de\/wp-content\/uploads\/2024\/09\/2022_TSV_ABT_NM_0165-300x200.jpg 300w, https:\/\/www.ta-wor.de\/wp-content\/uploads\/2024\/09\/2022_TSV_ABT_NM_0165-1024x683.jpg 1024w, https:\/\/www.ta-wor.de\/wp-content\/uploads\/2024\/09\/2022_TSV_ABT_NM_0165-768x512.jpg 768w, https:\/\/www.ta-wor.de\/wp-content\/uploads\/2024\/09\/2022_TSV_ABT_NM_0165-1536x1024.jpg 1536w, https:\/\/www.ta-wor.de\/wp-content\/uploads\/2024\/09\/2022_TSV_ABT_NM_0165-700x467.jpg 700w, https:\/\/www.ta-wor.de\/wp-content\/uploads\/2024\/09\/2022_TSV_ABT_NM_0165-332x221.jpg 332w, https:\/\/www.ta-wor.de\/wp-content\/uploads\/2024\/09\/2022_TSV_ABT_NM_0165.jpg 2048w\" sizes=\"(max-width: 300px) 100vw, 300px\" \/><\/a>Dann bist Du bei uns genau richtig! <\/em><\/strong><\/h3>\n<p><em>Wir suchen dringend k\u00fcnftige Trainer*innen f\u00fcr unser<\/em><\/p>\n<ul>\n<li><em>Ger\u00e4tturnen M\u00e4dchen<br \/>\n<\/em><\/li>\n<li><em>Eltern-Kind und Kleinkinderturnen <\/em><\/li>\n<li><em>Ger\u00e4tturnen Buben<\/em><\/li>\n<li><em>Fitness und Gesundheitssport<\/em><\/li>\n<\/ul>\n<p><em>Du hast noch keine Erfahrung als Trainer*in?<br \/>\nKein Problem. Du kannst das bei uns alles schrittweise lernen, zuerst als Helfer*in und sp\u00e4ter mit einer eigenen Gruppe.<br \/>\n<\/em><em>Schreib uns eine Nachricht oder rufe uns an unter 0176 53972655. Wir freuen uns auf Dich!<\/em><\/p>\n<p>Eure Abteilungsleitung<\/p>\n<p>&nbsp;<\/p>\n<p>&nbsp;<\/p>\n<h2>Der Trainingsplan der Turnabteilung des TSV Wolfratshausen wurde angepasst.<\/h2>\n<p>Bitte schaut Euch regelmm\u00e4\u00dfig den Trainingsplan auf der entsprechenden Seite dieser Homepage an. Gerne k\u00f6nnt Ihr auch Eure Trainerin \/ Euren Trainer oder die Abteilungsleitung kontaktieren.<\/p>\n<p>&nbsp;<\/p>\n","protected":false},"excerpt":{"rendered":"<p>Einladung zur Jahreshauptversammlung der Turnabteilung des TSV Wolfratshausen Die Jahreshauptversammlung der Turnabteilung des TSV Wolfratshausen findet statt am: Termin:\u00a0 \u00a0 \u00a0 \u00a0 \u00a0 \u00a0 \u00a0 Donnerstag 23. April 2026 Beginn:\u00a0 \u00a0 \u00a0 \u00a0 \u00a0 \u00a0 \u00a0 \u00a019:30 Uhr Ort: \u00a0\u00a0\u00a0\u00a0\u00a0\u00a0\u00a0\u00a0\u00a0\u00a0\u00a0\u00a0\u00a0\u00a0\u00a0\u00a0\u00a0\u00a0\u00a0\u00a0 Rudi Fauser St\u00fcberl, Vereinsheim der Turnabteilung, Wolfratshausen, Bahnhofstr. 12 Zu &#8230;<\/p>\n","protected":false},"author":1,"featured_media":0,"parent":0,"menu_order":0,"comment_status":"closed","ping_status":"closed","template":"","meta":{"_mc_calendar":[]},"_links":{"self":[{"href":"https:\/\/www.ta-wor.de\/index.php?rest_route=\/wp\/v2\/pages\/681"}],"collection":[{"href":"https:\/\/www.ta-wor.de\/index.php?rest_route=\/wp\/v2\/pages"}],"about":[{"href":"https:\/\/www.ta-wor.de\/index.php?rest_route=\/wp\/v2\/types\/page"}],"author":[{"embeddable":true,"href":"https:\/\/www.ta-wor.de\/index.php?rest_route=\/wp\/v2\/users\/1"}],"replies":[{"embeddable":true,"href":"https:\/\/www.ta-wor.de\/index.php?rest_route=%2Fwp%2Fv2%2Fcomments&post=681"}],"version-history":[{"count":113,"href":"https:\/\/www.ta-wor.de\/index.php?rest_route=\/wp\/v2\/pages\/681\/revisions"}],"predecessor-version":[{"id":1333,"href":"https:\/\/www.ta-wor.de\/index.php?rest_route=\/wp\/v2\/pages\/681\/revisions\/1333"}],"wp:attachment":[{"href":"https:\/\/www.ta-wor.de\/index.php?rest_route=%2Fwp%2Fv2%2Fmedia&parent=681"}],"curies":[{"name":"wp","href":"https:\/\/api.w.org\/{rel}","templated":true}]}}